{"id":45,"date":"2017-11-08T12:25:40","date_gmt":"2017-11-08T11:25:40","guid":{"rendered":"http:\/\/moulin-dussart.be\/?page_id=45"},"modified":"2020-12-19T16:06:53","modified_gmt":"2020-12-19T15:06:53","slug":"accueil","status":"publish","type":"page","link":"https:\/\/www.moulin-dussart.be\/?page_id=45","title":{"rendered":"Accueil"},"content":{"rendered":"<p>Voici plus de 150 ans que le moulin de Gentinnes voit sa roue actionn\u00e9e par les eaux de la Houssi\u00e8re. Sans rel\u00e2che depuis sa construction, en 1852, le moulin produit de la farine&#8230;<\/p>\n<p>D\u00e9j\u00e0 signal\u00e9 en 1238, le moulin de Gentinnes est sans doute l\u2019un des plus anciens moulins \u00e0 eau de Belgique.<\/p>\n<p>Int\u00e9gr\u00e9 dans une exploitation agricole, il est situ\u00e9 le long de la <em>Houssi\u00e8re<\/em>, un des deux principaux cours d&#8217;eau de la commune de Chastre.<\/p>\n<div data-carousel-extra='{\"blog_id\":1,\"permalink\":\"https:\\\/\\\/www.moulin-dussart.be\\\/?page_id=45\"}' id='gallery-1' class='gallery galleryid-45 gallery-columns-2 gallery-size-medium'><figure class='gallery-item'>\n\t\t\t<div class='gallery-icon landscape'>\n\t\t\t\t<a href='https:\/\/www.moulin-dussart.be\/wp-content\/uploads\/2017\/11\/moulin_accueil_2.jpg' title=\"\" data-rl_title=\"\" class=\"rl-gallery-link\" data-rl_caption=\"\" data-rel=\"lightbox-gallery-1\"><img data-attachment-id=\"46\" data-orig-file=\"https:\/\/www.moulin-dussart.be\/wp-content\/uploads\/2017\/11\/moulin_accueil_2.jpg\" data-orig-size=\"1000,669\" data-comments-opened=\"1\" data-image-meta=\"{&quot;aperture&quot;:&quot;10&quot;,&quot;credit&quot;:&quot;&quot;,&quot;camera&quot;:&quot;DSLR-A100&quot;,&quot;caption&quot;:&quot;SONY DSC&quot;,&quot;created_timestamp&quot;:&quot;1471102202&quot;,&quot;copyright&quot;:&quot;&quot;,&quot;focal_length&quot;:&quot;18&quot;,&quot;iso&quot;:&quot;100&quot;,&quot;shutter_speed&quot;:&quot;0.005&quot;,&quot;title&quot;:&quot;SONY DSC&quot;,&quot;orientation&quot;:&quot;1&quot;,&quot;keywords&quot;:&quot;Array&quot;}\" data-image-title=\"SONY DSC\" data-image-description=\"\" data-medium-file=\"https:\/\/www.moulin-dussart.be\/wp-content\/uploads\/2017\/11\/moulin_accueil_2-300x201.jpg\" data-large-file=\"https:\/\/www.moulin-dussart.be\/wp-content\/uploads\/2017\/11\/moulin_accueil_2.jpg\" width=\"300\" height=\"201\" src=\"https:\/\/www.moulin-dussart.be\/wp-content\/uploads\/2017\/11\/moulin_accueil_2-300x201.jpg\" class=\"attachment-medium size-medium\" alt=\"\" loading=\"lazy\" aria-describedby=\"gallery-1-46\" srcset=\"https:\/\/www.moulin-dussart.be\/wp-content\/uploads\/2017\/11\/moulin_accueil_2-300x201.jpg 300w, https:\/\/www.moulin-dussart.be\/wp-content\/uploads\/2017\/11\/moulin_accueil_2-768x514.jpg 768w, https:\/\/www.moulin-dussart.be\/wp-content\/uploads\/2017\/11\/moulin_accueil_2-404x270.jpg 404w, https:\/\/www.moulin-dussart.be\/wp-content\/uploads\/2017\/11\/moulin_accueil_2.jpg 1000w\" sizes=\"(max-width: 300px) 100vw, 300px\" \/><\/a>\n\t\t\t<\/div>\n\t\t\t\t<figcaption class='wp-caption-text gallery-caption' id='gallery-1-46'>\n\t\t\t\tLe moulin et 2016. un an avant l&#8217;accident&#8230;\n\t\t\t\t<\/figcaption><\/figure><figure class='gallery-item'>\n\t\t\t<div class='gallery-icon landscape'>\n\t\t\t\t<a href='https:\/\/www.moulin-dussart.be\/wp-content\/uploads\/2017\/11\/moulin_accueil_3.jpg' title=\"\" data-rl_title=\"\" class=\"rl-gallery-link\" data-rl_caption=\"\" data-rel=\"lightbox-gallery-1\"><img data-attachment-id=\"47\" data-orig-file=\"https:\/\/www.moulin-dussart.be\/wp-content\/uploads\/2017\/11\/moulin_accueil_3.jpg\" data-orig-size=\"1000,667\" data-comments-opened=\"1\" data-image-meta=\"{&quot;aperture&quot;:&quot;4.5&quot;,&quot;credit&quot;:&quot;&quot;,&quot;camera&quot;:&quot;Canon PowerShot A80&quot;,&quot;caption&quot;:&quot;&quot;,&quot;created_timestamp&quot;:&quot;1117719472&quot;,&quot;copyright&quot;:&quot;&quot;,&quot;focal_length&quot;:&quot;7.8125&quot;,&quot;iso&quot;:&quot;0&quot;,&quot;shutter_speed&quot;:&quot;0.002&quot;,&quot;title&quot;:&quot;&quot;,&quot;orientation&quot;:&quot;1&quot;,&quot;keywords&quot;:&quot;Array&quot;}\" data-image-title=\"moulin_accueil_3\" data-image-description=\"\" data-medium-file=\"https:\/\/www.moulin-dussart.be\/wp-content\/uploads\/2017\/11\/moulin_accueil_3-300x200.jpg\" data-large-file=\"https:\/\/www.moulin-dussart.be\/wp-content\/uploads\/2017\/11\/moulin_accueil_3.jpg\" width=\"300\" height=\"200\" src=\"https:\/\/www.moulin-dussart.be\/wp-content\/uploads\/2017\/11\/moulin_accueil_3-300x200.jpg\" class=\"attachment-medium size-medium\" alt=\"\" loading=\"lazy\" aria-describedby=\"gallery-1-47\" srcset=\"https:\/\/www.moulin-dussart.be\/wp-content\/uploads\/2017\/11\/moulin_accueil_3-300x200.jpg 300w, https:\/\/www.moulin-dussart.be\/wp-content\/uploads\/2017\/11\/moulin_accueil_3-768x512.jpg 768w, https:\/\/www.moulin-dussart.be\/wp-content\/uploads\/2017\/11\/moulin_accueil_3-405x270.jpg 405w, https:\/\/www.moulin-dussart.be\/wp-content\/uploads\/2017\/11\/moulin_accueil_3.jpg 1000w\" sizes=\"(max-width: 300px) 100vw, 300px\" \/><\/a>\n\t\t\t<\/div>\n\t\t\t\t<figcaption class='wp-caption-text gallery-caption' id='gallery-1-47'>\n\t\t\t\tLa roue, en 2007\n\t\t\t\t<\/figcaption><\/figure>\n\t\t<\/div>\n\n<p>S&#8217;il est un des trois moulins \u00e0 eau encore visibles dans la commune, c&#8217;est cependant le seul \u00e0 encore fonctionner par la seule force de l\u2019eau.<\/p>\n<p>Ce site web a pour ambition de vous le faire d\u00e9couvrir au travers de diff\u00e9rentes facettes\u00a0: des diff\u00e9rentes \u00e9tapes de sa restauration aux secrets de son fonctionnement. Mais aussi, au travers d&#8217;un blog, vous faire vivre la profonde restauration que le moulin doit subir apr\u00e8s avoir \u00e9t\u00e9 accident\u00e9. Visitez- le gr\u00e2ce \u00e0 ces pages avant, peut-\u00eatre, de venir le visiter sur place, par exemple lors des prochaines Journ\u00e9es du Patrimoine.<\/p>\n<p>Bonne visite&#8230;<\/p>\n<div class=\"warning\">\n<p>Suite \u00e0 l&#8217;\u00e9mission <b>&#8220;Questions \u00e0 la une&#8221;<\/b> du 27 novembre 2014 sur la RTBF, je re\u00e7ois de fr\u00e9quentes demandes de personnes soucieuses de trouver de la farine sans additif. Ces personnes se demandent s&#8217;il est possible d&#8217;acheter de la farine au moulin.<br \/>\n<b>La r\u00e9ponse est actuellement non.<\/b> Mais les choses \u00e9voluent. Le moulin entreprends pour le moment les d\u00e9marches n\u00e9cessaires pour pouvoir fabriquer <u>et vendre<\/u> de la farine. Certaines machines vont \u00eatre remplac\u00e9es et les locaux r\u00e9am\u00e9nag\u00e9s dans le but de satisfaire aux conditions minimales d&#8217;hygi\u00e8ne et de tra\u00e7abilit\u00e9. L&#8217;objectif est d&#8217;\u00eatre pr\u00eat&#8230; quand on sera pr\u00eat. Les travaux actuels au moulin ont consid\u00e9rablement retard\u00e9 les choses. 2018 devrait \u00eatre la bonne ann\u00e9e, mais la prudence impose de ne plus s&#8217;avancer dans une date !<\/p>\n<div class=\"illustration_no_text\">\n<figure id=\"attachment_48\" aria-describedby=\"caption-attachment-48\" style=\"width: 300px\" class=\"wp-caption aligncenter\"><img loading=\"lazy\" class=\"size-medium wp-image-48\" src=\"http:\/\/moulin-dussart.be\/wp-content\/uploads\/2017\/11\/3kga_1-300x200.jpg\" alt=\"\" width=\"300\" height=\"200\" srcset=\"https:\/\/www.moulin-dussart.be\/wp-content\/uploads\/2017\/11\/3kga_1-300x200.jpg 300w, https:\/\/www.moulin-dussart.be\/wp-content\/uploads\/2017\/11\/3kga_1-768x512.jpg 768w, https:\/\/www.moulin-dussart.be\/wp-content\/uploads\/2017\/11\/3kga_1-405x270.jpg 405w, https:\/\/www.moulin-dussart.be\/wp-content\/uploads\/2017\/11\/3kga_1.jpg 1000w\" sizes=\"(max-width: 300px) 100vw, 300px\" \/><figcaption id=\"caption-attachment-48\" class=\"wp-caption-text\">Nouvelle bluterie<\/figcaption><\/figure>\n<\/div>\n<p>Plus d&#8217;infos sur ce site d\u00e8s que les choses seront mises en place !<br \/>\nCela dit, nous vendons de la farine du moulin lors des Journ\u00e9es du Patrimoine. Ce jour l\u00e0, nous faisons \u00e9galement du pain avec cette farine et nous vendons \u00e9galement la farine, m\u00eame si cela n&#8217;est pas vraiment autoris\u00e9. C&#8217;est l&#8217;occasion de pouvoir go\u00fbter des produits r\u00e9alis\u00e9s avec cette farine !<\/p>\n<\/div>\n","protected":false},"excerpt":{"rendered":"<p>Voici plus de 150 ans que le moulin de Gentinnes voit sa roue actionn\u00e9e par les eaux de la Houssi\u00e8re. Sans rel\u00e2che depuis sa construction, en 1852, le moulin produit de la farine&#8230; D\u00e9j\u00e0 signal\u00e9 en 1238, le moulin de Gentinnes est sans doute l\u2019un des plus anciens moulins \u00e0 eau de Belgique. Int\u00e9gr\u00e9 dans une exploitation agricole, il est situ\u00e9 le long de la Houssi\u00e8re, un des deux principaux cours d&#8217;eau de la commune de Chastre. S&#8217;il est un&#8230;<\/p>\n<p class=\"read-more\"><a class=\"btn btn-default\" href=\"https:\/\/www.moulin-dussart.be\/?page_id=45\">Lire la suite<span class=\"screen-reader-text\"> Lire la suite<\/span><\/a><\/p>\n","protected":false},"author":1,"featured_media":0,"parent":0,"menu_order":0,"comment_status":"closed","ping_status":"closed","template":"","meta":[],"_links":{"self":[{"href":"https:\/\/www.moulin-dussart.be\/index.php?rest_route=\/wp\/v2\/pages\/45"}],"collection":[{"href":"https:\/\/www.moulin-dussart.be\/index.php?rest_route=\/wp\/v2\/pages"}],"about":[{"href":"https:\/\/www.moulin-dussart.be\/index.php?rest_route=\/wp\/v2\/types\/page"}],"author":[{"embeddable":true,"href":"https:\/\/www.moulin-dussart.be\/index.php?rest_route=\/wp\/v2\/users\/1"}],"replies":[{"embeddable":true,"href":"https:\/\/www.moulin-dussart.be\/index.php?rest_route=%2Fwp%2Fv2%2Fcomments&post=45"}],"version-history":[{"count":6,"href":"https:\/\/www.moulin-dussart.be\/index.php?rest_route=\/wp\/v2\/pages\/45\/revisions"}],"predecessor-version":[{"id":333,"href":"https:\/\/www.moulin-dussart.be\/index.php?rest_route=\/wp\/v2\/pages\/45\/revisions\/333"}],"wp:attachment":[{"href":"https:\/\/www.moulin-dussart.be\/index.php?rest_route=%2Fwp%2Fv2%2Fmedia&parent=45"}],"curies":[{"name":"wp","href":"https:\/\/api.w.org\/{rel}","templated":true}]}}