{"id":379,"date":"2019-03-17T15:24:40","date_gmt":"2019-03-17T14:24:40","guid":{"rendered":"http:\/\/www.moulin-dussart.be\/?page_id=379"},"modified":"2025-10-30T11:12:47","modified_gmt":"2025-10-30T10:12:47","slug":"visiter-le-moulin","status":"publish","type":"page","link":"https:\/\/www.moulin-dussart.be\/?page_id=379","title":{"rendered":"Visiter le moulin"},"content":{"rendered":"<p>R\u00e9guli\u00e8rement, le moulin de Gentinnes participe aux Journ\u00e9es du Patrimoine (jusqu&#8217;en 2016 et depuis 2021) ou aux Journ\u00e9es Europ\u00e9ennes des moulins (en 2018 et 2019). A cette occasion, le moulin est accessible gratuitement aux heures d&#8217;ouverture. Depuis la remise en fonction du moulin, en 1998, c&#8217;est plus de 15.000 personnes qui ont profit\u00e9 de cette occasion pour (re)d\u00e9couvrir le moulin.<\/p>\n<div align=\"center\">\n<div data-carousel-extra='{\"blog_id\":1,\"permalink\":\"https:\\\/\\\/www.moulin-dussart.be\\\/?page_id=379\"}' class=\"tiled-gallery type-rectangular\" data-original-width=\"640\"><div class=\"gallery-row\" style=\"width: 635px; height: 315px;\"><div class=\"gallery-group images-1\" style=\"width: 424px; height: 319px;\"><div class=\"tiled-gallery-item tiled-gallery-item-large\"><a href=\"https:\/\/www.moulin-dussart.be\/?attachment_id=383\"><img data-attachment-id=\"383\" data-orig-file=\"https:\/\/www.moulin-dussart.be\/wp-content\/uploads\/2019\/03\/DSC00889.jpg\" data-orig-size=\"960,720\" data-comments-opened=\"0\" data-image-meta=\"{&quot;aperture&quot;:&quot;3.3&quot;,&quot;credit&quot;:&quot;&quot;,&quot;camera&quot;:&quot;DSC-W690&quot;,&quot;caption&quot;:&quot;&quot;,&quot;created_timestamp&quot;:&quot;1473515844&quot;,&quot;copyright&quot;:&quot;&quot;,&quot;focal_length&quot;:&quot;4.45&quot;,&quot;iso&quot;:&quot;80&quot;,&quot;shutter_speed&quot;:&quot;0.02&quot;,&quot;title&quot;:&quot;&quot;,&quot;orientation&quot;:&quot;1&quot;}\" data-image-title=\"DSC00889\" data-image-description=\"\" data-medium-file=\"https:\/\/www.moulin-dussart.be\/wp-content\/uploads\/2019\/03\/DSC00889-300x225.jpg\" data-large-file=\"https:\/\/www.moulin-dussart.be\/wp-content\/uploads\/2019\/03\/DSC00889.jpg\" src=\"https:\/\/www.moulin-dussart.be\/wp-content\/uploads\/2019\/03\/DSC00889-420x315.jpg\" width=\"420\" height=\"315\" align=\"left\" title=\"DSC00889\" \/><\/a><div class=\"tiled-gallery-caption\">Journ\u00e9es du Patrimoine 2016<\/div><\/div><\/div><div class=\"gallery-group images-2\" style=\"width: 211px; height: 319px;\"><div class=\"tiled-gallery-item tiled-gallery-item-small\"><a href=\"https:\/\/www.moulin-dussart.be\/?attachment_id=384\"><img data-attachment-id=\"384\" data-orig-file=\"https:\/\/www.moulin-dussart.be\/wp-content\/uploads\/2019\/03\/DSC00906.jpg\" data-orig-size=\"960,720\" data-comments-opened=\"0\" data-image-meta=\"{&quot;aperture&quot;:&quot;3.3&quot;,&quot;credit&quot;:&quot;&quot;,&quot;camera&quot;:&quot;DSC-W690&quot;,&quot;caption&quot;:&quot;&quot;,&quot;created_timestamp&quot;:&quot;1473526411&quot;,&quot;copyright&quot;:&quot;&quot;,&quot;focal_length&quot;:&quot;4.45&quot;,&quot;iso&quot;:&quot;80&quot;,&quot;shutter_speed&quot;:&quot;0.033333333333333&quot;,&quot;title&quot;:&quot;&quot;,&quot;orientation&quot;:&quot;1&quot;}\" data-image-title=\"DSC00906\" data-image-description=\"\" data-medium-file=\"https:\/\/www.moulin-dussart.be\/wp-content\/uploads\/2019\/03\/DSC00906-300x225.jpg\" data-large-file=\"https:\/\/www.moulin-dussart.be\/wp-content\/uploads\/2019\/03\/DSC00906.jpg\" src=\"https:\/\/www.moulin-dussart.be\/wp-content\/uploads\/2019\/03\/DSC00906-207x156.jpg\" width=\"207\" height=\"156\" align=\"left\" title=\"DSC00906\" \/><\/a><div class=\"tiled-gallery-caption\">Journ\u00e9es du Patrimoine 2016<\/div><\/div><div class=\"tiled-gallery-item tiled-gallery-item-small\"><a href=\"https:\/\/www.moulin-dussart.be\/?attachment_id=385\"><img data-attachment-id=\"385\" data-orig-file=\"https:\/\/www.moulin-dussart.be\/wp-content\/uploads\/2019\/03\/IMG_20180519_144851.jpg\" data-orig-size=\"960,720\" data-comments-opened=\"0\" data-image-meta=\"{&quot;aperture&quot;:&quot;2.2&quot;,&quot;credit&quot;:&quot;&quot;,&quot;camera&quot;:&quot;PRA-LX1&quot;,&quot;caption&quot;:&quot;dig&quot;,&quot;created_timestamp&quot;:&quot;1526741336&quot;,&quot;copyright&quot;:&quot;&quot;,&quot;focal_length&quot;:&quot;3.83&quot;,&quot;iso&quot;:&quot;200&quot;,&quot;shutter_speed&quot;:&quot;0.033333&quot;,&quot;title&quot;:&quot;dig&quot;,&quot;orientation&quot;:&quot;0&quot;}\" data-image-title=\"dig\" data-image-description=\"\" data-medium-file=\"https:\/\/www.moulin-dussart.be\/wp-content\/uploads\/2019\/03\/IMG_20180519_144851-300x225.jpg\" data-large-file=\"https:\/\/www.moulin-dussart.be\/wp-content\/uploads\/2019\/03\/IMG_20180519_144851.jpg\" src=\"https:\/\/www.moulin-dussart.be\/wp-content\/uploads\/2019\/03\/IMG_20180519_144851-207x155.jpg\" width=\"207\" height=\"155\" align=\"left\" title=\"dig\" \/><\/a><div class=\"tiled-gallery-caption\">Journ\u00e9e des moulins 2018<\/div><\/div><\/div><\/div><div class=\"gallery-row\" style=\"width: 635px; height: 418px;\"><div class=\"gallery-group images-1\" style=\"width: 318px; height: 422px;\"><div class=\"tiled-gallery-item tiled-gallery-item-large\"><a href=\"https:\/\/www.moulin-dussart.be\/?attachment_id=386\"><img data-attachment-id=\"386\" data-orig-file=\"https:\/\/www.moulin-dussart.be\/wp-content\/uploads\/2019\/03\/IMG_20180519_172719.jpg\" data-orig-size=\"540,720\" data-comments-opened=\"0\" data-image-meta=\"{&quot;aperture&quot;:&quot;2.2&quot;,&quot;credit&quot;:&quot;&quot;,&quot;camera&quot;:&quot;PRA-LX1&quot;,&quot;caption&quot;:&quot;sdr&quot;,&quot;created_timestamp&quot;:&quot;1526750842&quot;,&quot;copyright&quot;:&quot;&quot;,&quot;focal_length&quot;:&quot;3.83&quot;,&quot;iso&quot;:&quot;50&quot;,&quot;shutter_speed&quot;:&quot;0.004205&quot;,&quot;title&quot;:&quot;sdr&quot;,&quot;orientation&quot;:&quot;0&quot;}\" data-image-title=\"sdr\" data-image-description=\"\" data-medium-file=\"https:\/\/www.moulin-dussart.be\/wp-content\/uploads\/2019\/03\/IMG_20180519_172719-225x300.jpg\" data-large-file=\"https:\/\/www.moulin-dussart.be\/wp-content\/uploads\/2019\/03\/IMG_20180519_172719.jpg\" src=\"https:\/\/www.moulin-dussart.be\/wp-content\/uploads\/2019\/03\/IMG_20180519_172719-314x418.jpg\" width=\"314\" height=\"418\" align=\"left\" title=\"sdr\" \/><\/a><div class=\"tiled-gallery-caption\">Journ\u00e9e des moulins 2019<\/div><\/div><\/div><div class=\"gallery-group images-1\" style=\"width: 317px; height: 422px;\"><div class=\"tiled-gallery-item tiled-gallery-item-large\"><a href=\"https:\/\/www.moulin-dussart.be\/?attachment_id=387\"><img data-attachment-id=\"387\" data-orig-file=\"https:\/\/www.moulin-dussart.be\/wp-content\/uploads\/2019\/03\/IMG_20180519_172828.jpg\" data-orig-size=\"540,720\" data-comments-opened=\"0\" data-image-meta=\"{&quot;aperture&quot;:&quot;2.2&quot;,&quot;credit&quot;:&quot;&quot;,&quot;camera&quot;:&quot;PRA-LX1&quot;,&quot;caption&quot;:&quot;dav&quot;,&quot;created_timestamp&quot;:&quot;1526750908&quot;,&quot;copyright&quot;:&quot;&quot;,&quot;focal_length&quot;:&quot;3.83&quot;,&quot;iso&quot;:&quot;50&quot;,&quot;shutter_speed&quot;:&quot;0.007173&quot;,&quot;title&quot;:&quot;dav&quot;,&quot;orientation&quot;:&quot;0&quot;}\" data-image-title=\"dav\" data-image-description=\"\" data-medium-file=\"https:\/\/www.moulin-dussart.be\/wp-content\/uploads\/2019\/03\/IMG_20180519_172828-225x300.jpg\" data-large-file=\"https:\/\/www.moulin-dussart.be\/wp-content\/uploads\/2019\/03\/IMG_20180519_172828.jpg\" src=\"https:\/\/www.moulin-dussart.be\/wp-content\/uploads\/2019\/03\/IMG_20180519_172828-313x418.jpg\" width=\"313\" height=\"418\" align=\"left\" title=\"dav\" \/><\/a><div class=\"tiled-gallery-caption\">Journ\u00e9e des moulins 2019<\/div><\/div><\/div><\/div><div class=\"gallery-row\" style=\"width: 635px; height: 473px;\"><div class=\"gallery-group images-1\" style=\"width: 635px; height: 477px;\"><div class=\"tiled-gallery-item tiled-gallery-item-large\"><a href=\"https:\/\/www.moulin-dussart.be\/?attachment_id=388\"><img data-attachment-id=\"388\" data-orig-file=\"https:\/\/www.moulin-dussart.be\/wp-content\/uploads\/2019\/03\/IMG_20180520_142521.jpg\" data-orig-size=\"960,720\" data-comments-opened=\"0\" data-image-meta=\"{&quot;aperture&quot;:&quot;2.2&quot;,&quot;credit&quot;:&quot;&quot;,&quot;camera&quot;:&quot;PRA-LX1&quot;,&quot;caption&quot;:&quot;dav&quot;,&quot;created_timestamp&quot;:&quot;1526826322&quot;,&quot;copyright&quot;:&quot;&quot;,&quot;focal_length&quot;:&quot;3.83&quot;,&quot;iso&quot;:&quot;50&quot;,&quot;shutter_speed&quot;:&quot;0.002186&quot;,&quot;title&quot;:&quot;dav&quot;,&quot;orientation&quot;:&quot;0&quot;}\" data-image-title=\"dav\" data-image-description=\"\" data-medium-file=\"https:\/\/www.moulin-dussart.be\/wp-content\/uploads\/2019\/03\/IMG_20180520_142521-300x225.jpg\" data-large-file=\"https:\/\/www.moulin-dussart.be\/wp-content\/uploads\/2019\/03\/IMG_20180520_142521.jpg\" src=\"https:\/\/www.moulin-dussart.be\/wp-content\/uploads\/2019\/03\/IMG_20180520_142521-631x473.jpg\" width=\"631\" height=\"473\" align=\"left\" title=\"dav\" \/><\/a><div class=\"tiled-gallery-caption\">Journ\u00e9e des moulins 2019<\/div><\/div><\/div><\/div><\/div>\n<\/div>\n<p>En dehors de ces traditionnelles journ\u00e9es, les \u00e9coles peuvent visiter le moulin,\u00a0 sur rendez-vous uniquement (Cf. encadr\u00e9 ci-dessous). Dans ce cas, il s&#8217;agit d&#8217;une visite guid\u00e9e durant laquelle tout le fonctionnement du moulin sera expliqu\u00e9 dans le d\u00e9tail. Il est alors possible, pour les enfants, de poser toutes les questions qu&#8217;ils souhaitent \u00e0 propos du moulin de Gentinnes, et sur les moulins en g\u00e9n\u00e9ral. Lors de ces visites, le moulin fonctionne bien \u00e9videmment et fabrique de la farine comme on le faisait voici plus d&#8217;un si\u00e8cle !<\/p>\n<p>Ce type de visite s&#8217;adresse <b><u>exclusivement<\/u> aux classes<\/b> de <b><u>minimum<\/u> 10 \u00e9l\u00e8ves<\/b>. Il est pr\u00e9f\u00e9rable de r\u00e9server la visite environ quinze jours \u00e0 l&#8217;avance. Par participant, il sera demand\u00e9 une participation financi\u00e8re de 2,00 \u20ac.<\/p>\n<p style=\"background: #dbe0ef; border-top: 2px solid #aeb8de; border-bottom: 2px solid #aeb8de; padding: 1em; text-align: center;\">Pour des raisons de disponibilit\u00e9s, <b>il ne m&#8217;est pas possible d&#8217;assurer ce genre de visite pour les particuliers.<\/b><\/p>\n<p>Pour les m\u00eames raisons, le moulin n&#8217;est pas visitable entre le 1er juillet et le 31 ao\u00fbt !<\/p>\n<p>La roue du moulin, par contre, est accessible librement depuis la rue du moulin et peut \u00eatre visit\u00e9e n&#8217;importe quand, \u00e0 condition de bien respecter le lieu, bien entendu \ud83d\ude09<\/p>\n","protected":false},"excerpt":{"rendered":"<p>R\u00e9guli\u00e8rement, le moulin de Gentinnes participe aux Journ\u00e9es du Patrimoine (jusqu&#8217;en 2016 et depuis 2021) ou aux Journ\u00e9es Europ\u00e9ennes des moulins (en 2018 et 2019). A cette occasion, le moulin est accessible gratuitement aux heures d&#8217;ouverture. Depuis la remise en fonction du moulin, en 1998, c&#8217;est plus de 15.000 personnes qui ont profit\u00e9 de cette occasion pour (re)d\u00e9couvrir le moulin. En dehors de ces traditionnelles journ\u00e9es, les \u00e9coles peuvent visiter le moulin,\u00a0 sur rendez-vous uniquement (Cf. encadr\u00e9 ci-dessous). Dans ce&#8230;<\/p>\n<p class=\"read-more\"><a class=\"btn btn-default\" href=\"https:\/\/www.moulin-dussart.be\/?page_id=379\">Lire la suite<span class=\"screen-reader-text\"> Lire la suite<\/span><\/a><\/p>\n","protected":false},"author":1,"featured_media":0,"parent":0,"menu_order":0,"comment_status":"closed","ping_status":"closed","template":"","meta":[],"_links":{"self":[{"href":"https:\/\/www.moulin-dussart.be\/index.php?rest_route=\/wp\/v2\/pages\/379"}],"collection":[{"href":"https:\/\/www.moulin-dussart.be\/index.php?rest_route=\/wp\/v2\/pages"}],"about":[{"href":"https:\/\/www.moulin-dussart.be\/index.php?rest_route=\/wp\/v2\/types\/page"}],"author":[{"embeddable":true,"href":"https:\/\/www.moulin-dussart.be\/index.php?rest_route=\/wp\/v2\/users\/1"}],"replies":[{"embeddable":true,"href":"https:\/\/www.moulin-dussart.be\/index.php?rest_route=%2Fwp%2Fv2%2Fcomments&post=379"}],"version-history":[{"count":9,"href":"https:\/\/www.moulin-dussart.be\/index.php?rest_route=\/wp\/v2\/pages\/379\/revisions"}],"predecessor-version":[{"id":472,"href":"https:\/\/www.moulin-dussart.be\/index.php?rest_route=\/wp\/v2\/pages\/379\/revisions\/472"}],"wp:attachment":[{"href":"https:\/\/www.moulin-dussart.be\/index.php?rest_route=%2Fwp%2Fv2%2Fmedia&parent=379"}],"curies":[{"name":"wp","href":"https:\/\/api.w.org\/{rel}","templated":true}]}}